{"id":11,"date":"2019-11-14T12:40:18","date_gmt":"2019-11-14T12:40:18","guid":{"rendered":"http:\/\/localhost\/richplan\/?page_id=11"},"modified":"2020-04-21T16:39:54","modified_gmt":"2020-04-21T16:39:54","slug":"educacional","status":"publish","type":"page","link":"https:\/\/richplan.eu\/index.php\/educacional\/","title":{"rendered":"Educacional"},"content":{"rendered":"\n<p class=\"has-text-align-left\">Nosso setor Educacional foi criado para auxiliar pessoas que querem entender mais sobre neg\u00f3cios, independentemente se elas j\u00e1 possuem empresas ou n\u00e3o. S\u00e3o cursos e palestras de diversos assuntos, todos voltados para aprimoramento profissional, empresarial ou pessoal. <\/p>\n\n\n\n<p><strong>J\u00e1 imaginou ter aula com pessoas que est\u00e3o diretamente ligadas a empresas e ao mercado, e ainda por cima com bastante experi\u00eancia pra trocar com voc\u00ea? <\/strong> <\/p>\n\n\n\n<div class=\"wp-block-image\"><figure class=\"aligncenter size-large is-resized\"><img loading=\"lazy\" decoding=\"async\" src=\"https:\/\/richplan.eu\/wp-content\/uploads\/2020\/01\/Rich-plan-consultoria-9.jpg\" alt=\"\" class=\"wp-image-122\" width=\"398\" height=\"531\" srcset=\"https:\/\/richplan.eu\/wp-content\/uploads\/2020\/01\/Rich-plan-consultoria-9.jpg 768w, https:\/\/richplan.eu\/wp-content\/uploads\/2020\/01\/Rich-plan-consultoria-9-225x300.jpg 225w\" sizes=\"(max-width: 398px) 100vw, 398px\" \/><\/figure><\/div>\n\n\n\n<hr class=\"wp-block-separator\"\/>\n\n\n\n<p style=\"color:#00224c\" class=\"has-text-color has-text-align-center has-medium-font-size\"><strong>Estamos preparando mais um cronograma de cursos para voc\u00ea. <\/strong><\/p>\n\n\n\n<p>      Aproveita e conta pra n\u00f3s qual o curso que lhe interessa. Manda mensagem no &#8220;Fale Conosco&#8221; que a gente te responde.<\/p>\n\n\n\n<p><\/p>\n\n\n\n<p style=\"color:#00224c\" class=\"has-text-color has-text-align-center has-medium-font-size\"><strong>Aguarde novidades em breve&#8230;<\/strong><\/p>\n","protected":false},"excerpt":{"rendered":"<p>Nosso setor Educacional foi criado para auxiliar pessoas que querem entender mais sobre neg\u00f3cios, independentemente se elas j\u00e1 possuem empresas ou n\u00e3o. S\u00e3o cursos e palestras de diversos assuntos, todos voltados para aprimoramento profissional, empresarial ou pessoal. J\u00e1 imaginou ter aula com pessoas que est\u00e3o diretamente ligadas a empresas e ao mercado, e ainda por [&hellip;]<\/p>\n","protected":false},"author":1,"featured_media":150,"parent":0,"menu_order":0,"comment_status":"closed","ping_status":"closed","template":"","meta":{"_acf_changed":false,"_exactmetrics_skip_tracking":false,"_exactmetrics_sitenote_active":false,"_exactmetrics_sitenote_note":"","_exactmetrics_sitenote_category":0,"footnotes":""},"class_list":["post-11","page","type-page","status-publish","has-post-thumbnail","hentry"],"acf":[],"yoast_head":"<!-- This site is optimized with the Yoast SEO plugin v25.6 - https:\/\/yoast.com\/wordpress\/plugins\/seo\/ -->\n<title>Educacional - RichPlan - Consultoria, Gest\u00e3o e Treinamentos | Natal - RN<\/title>\n<meta name=\"robots\" content=\"index, follow, max-snippet:-1, max-image-preview:large, max-video-preview:-1\" \/>\n<link rel=\"canonical\" href=\"https:\/\/richplan.eu\/index.php\/educacional\/\" \/>\n<meta property=\"og:locale\" content=\"pt_BR\" \/>\n<meta property=\"og:type\" content=\"article\" \/>\n<meta property=\"og:title\" content=\"Educacional - RichPlan - Consultoria, Gest\u00e3o e Treinamentos | Natal - RN\" \/>\n<meta property=\"og:description\" content=\"Nosso setor Educacional foi criado para auxiliar pessoas que querem entender mais sobre neg\u00f3cios, independentemente se elas j\u00e1 possuem empresas ou n\u00e3o. S\u00e3o cursos e palestras de diversos assuntos, todos voltados para aprimoramento profissional, empresarial ou pessoal. J\u00e1 imaginou ter aula com pessoas que est\u00e3o diretamente ligadas a empresas e ao mercado, e ainda por [&hellip;]\" \/>\n<meta property=\"og:url\" content=\"https:\/\/richplan.eu\/index.php\/educacional\/\" \/>\n<meta property=\"og:site_name\" content=\"RichPlan - Consultoria, Gest\u00e3o e Treinamentos | Natal - RN\" \/>\n<meta property=\"article:modified_time\" content=\"2020-04-21T16:39:54+00:00\" \/>\n<meta property=\"og:image\" content=\"https:\/\/richplan.eu\/wp-content\/uploads\/2020\/01\/Rich-plan-consultoria-03-2.jpg\" \/>\n\t<meta property=\"og:image:width\" content=\"941\" \/>\n\t<meta property=\"og:image:height\" content=\"914\" \/>\n\t<meta property=\"og:image:type\" content=\"image\/jpeg\" \/>\n<meta name=\"twitter:card\" content=\"summary_large_image\" \/>\n<meta name=\"twitter:label1\" content=\"Est. tempo de leitura\" \/>\n\t<meta name=\"twitter:data1\" content=\"1 minuto\" \/>\n<script type=\"application\/ld+json\" class=\"yoast-schema-graph\">{\"@context\":\"https:\/\/schema.org\",\"@graph\":[{\"@type\":\"WebPage\",\"@id\":\"https:\/\/richplan.eu\/index.php\/educacional\/\",\"url\":\"https:\/\/richplan.eu\/index.php\/educacional\/\",\"name\":\"Educacional - RichPlan - Consultoria, Gest\u00e3o e Treinamentos | Natal - RN\",\"isPartOf\":{\"@id\":\"https:\/\/richplan.eu\/#website\"},\"primaryImageOfPage\":{\"@id\":\"https:\/\/richplan.eu\/index.php\/educacional\/#primaryimage\"},\"image\":{\"@id\":\"https:\/\/richplan.eu\/index.php\/educacional\/#primaryimage\"},\"thumbnailUrl\":\"https:\/\/richplan.eu\/wp-content\/uploads\/2020\/01\/Rich-plan-consultoria-03-2.jpg\",\"datePublished\":\"2019-11-14T12:40:18+00:00\",\"dateModified\":\"2020-04-21T16:39:54+00:00\",\"breadcrumb\":{\"@id\":\"https:\/\/richplan.eu\/index.php\/educacional\/#breadcrumb\"},\"inLanguage\":\"pt-BR\",\"potentialAction\":[{\"@type\":\"ReadAction\",\"target\":[\"https:\/\/richplan.eu\/index.php\/educacional\/\"]}]},{\"@type\":\"ImageObject\",\"inLanguage\":\"pt-BR\",\"@id\":\"https:\/\/richplan.eu\/index.php\/educacional\/#primaryimage\",\"url\":\"https:\/\/richplan.eu\/wp-content\/uploads\/2020\/01\/Rich-plan-consultoria-03-2.jpg\",\"contentUrl\":\"https:\/\/richplan.eu\/wp-content\/uploads\/2020\/01\/Rich-plan-consultoria-03-2.jpg\",\"width\":941,\"height\":914},{\"@type\":\"BreadcrumbList\",\"@id\":\"https:\/\/richplan.eu\/index.php\/educacional\/#breadcrumb\",\"itemListElement\":[{\"@type\":\"ListItem\",\"position\":1,\"name\":\"In\u00edcio\",\"item\":\"https:\/\/richplan.eu\/\"},{\"@type\":\"ListItem\",\"position\":2,\"name\":\"Educacional\"}]},{\"@type\":\"WebSite\",\"@id\":\"https:\/\/richplan.eu\/#website\",\"url\":\"https:\/\/richplan.eu\/\",\"name\":\"RichPlan - Consultoria, Gest\u00e3o e Treinamentos | Natal - RN\",\"description\":\"Consultoria de gest\u00e3o empresarial\",\"potentialAction\":[{\"@type\":\"SearchAction\",\"target\":{\"@type\":\"EntryPoint\",\"urlTemplate\":\"https:\/\/richplan.eu\/?s={search_term_string}\"},\"query-input\":{\"@type\":\"PropertyValueSpecification\",\"valueRequired\":true,\"valueName\":\"search_term_string\"}}],\"inLanguage\":\"pt-BR\"}]}<\/script>\n<!-- \/ Yoast SEO plugin. -->","yoast_head_json":{"title":"Educacional - RichPlan - Consultoria, Gest\u00e3o e Treinamentos | Natal - RN","robots":{"index":"index","follow":"follow","max-snippet":"max-snippet:-1","max-image-preview":"max-image-preview:large","max-video-preview":"max-video-preview:-1"},"canonical":"https:\/\/richplan.eu\/index.php\/educacional\/","og_locale":"pt_BR","og_type":"article","og_title":"Educacional - RichPlan - Consultoria, Gest\u00e3o e Treinamentos | Natal - RN","og_description":"Nosso setor Educacional foi criado para auxiliar pessoas que querem entender mais sobre neg\u00f3cios, independentemente se elas j\u00e1 possuem empresas ou n\u00e3o. S\u00e3o cursos e palestras de diversos assuntos, todos voltados para aprimoramento profissional, empresarial ou pessoal. J\u00e1 imaginou ter aula com pessoas que est\u00e3o diretamente ligadas a empresas e ao mercado, e ainda por [&hellip;]","og_url":"https:\/\/richplan.eu\/index.php\/educacional\/","og_site_name":"RichPlan - Consultoria, Gest\u00e3o e Treinamentos | Natal - RN","article_modified_time":"2020-04-21T16:39:54+00:00","og_image":[{"width":941,"height":914,"url":"https:\/\/richplan.eu\/wp-content\/uploads\/2020\/01\/Rich-plan-consultoria-03-2.jpg","type":"image\/jpeg"}],"twitter_card":"summary_large_image","twitter_misc":{"Est. tempo de leitura":"1 minuto"},"schema":{"@context":"https:\/\/schema.org","@graph":[{"@type":"WebPage","@id":"https:\/\/richplan.eu\/index.php\/educacional\/","url":"https:\/\/richplan.eu\/index.php\/educacional\/","name":"Educacional - RichPlan - Consultoria, Gest\u00e3o e Treinamentos | Natal - RN","isPartOf":{"@id":"https:\/\/richplan.eu\/#website"},"primaryImageOfPage":{"@id":"https:\/\/richplan.eu\/index.php\/educacional\/#primaryimage"},"image":{"@id":"https:\/\/richplan.eu\/index.php\/educacional\/#primaryimage"},"thumbnailUrl":"https:\/\/richplan.eu\/wp-content\/uploads\/2020\/01\/Rich-plan-consultoria-03-2.jpg","datePublished":"2019-11-14T12:40:18+00:00","dateModified":"2020-04-21T16:39:54+00:00","breadcrumb":{"@id":"https:\/\/richplan.eu\/index.php\/educacional\/#breadcrumb"},"inLanguage":"pt-BR","potentialAction":[{"@type":"ReadAction","target":["https:\/\/richplan.eu\/index.php\/educacional\/"]}]},{"@type":"ImageObject","inLanguage":"pt-BR","@id":"https:\/\/richplan.eu\/index.php\/educacional\/#primaryimage","url":"https:\/\/richplan.eu\/wp-content\/uploads\/2020\/01\/Rich-plan-consultoria-03-2.jpg","contentUrl":"https:\/\/richplan.eu\/wp-content\/uploads\/2020\/01\/Rich-plan-consultoria-03-2.jpg","width":941,"height":914},{"@type":"BreadcrumbList","@id":"https:\/\/richplan.eu\/index.php\/educacional\/#breadcrumb","itemListElement":[{"@type":"ListItem","position":1,"name":"In\u00edcio","item":"https:\/\/richplan.eu\/"},{"@type":"ListItem","position":2,"name":"Educacional"}]},{"@type":"WebSite","@id":"https:\/\/richplan.eu\/#website","url":"https:\/\/richplan.eu\/","name":"RichPlan - Consultoria, Gest\u00e3o e Treinamentos | Natal - RN","description":"Consultoria de gest\u00e3o empresarial","potentialAction":[{"@type":"SearchAction","target":{"@type":"EntryPoint","urlTemplate":"https:\/\/richplan.eu\/?s={search_term_string}"},"query-input":{"@type":"PropertyValueSpecification","valueRequired":true,"valueName":"search_term_string"}}],"inLanguage":"pt-BR"}]}},"_links":{"self":[{"href":"https:\/\/richplan.eu\/index.php\/wp-json\/wp\/v2\/pages\/11"}],"collection":[{"href":"https:\/\/richplan.eu\/index.php\/wp-json\/wp\/v2\/pages"}],"about":[{"href":"https:\/\/richplan.eu\/index.php\/wp-json\/wp\/v2\/types\/page"}],"author":[{"embeddable":true,"href":"https:\/\/richplan.eu\/index.php\/wp-json\/wp\/v2\/users\/1"}],"replies":[{"embeddable":true,"href":"https:\/\/richplan.eu\/index.php\/wp-json\/wp\/v2\/comments?post=11"}],"version-history":[{"count":21,"href":"https:\/\/richplan.eu\/index.php\/wp-json\/wp\/v2\/pages\/11\/revisions"}],"predecessor-version":[{"id":397,"href":"https:\/\/richplan.eu\/index.php\/wp-json\/wp\/v2\/pages\/11\/revisions\/397"}],"wp:featuredmedia":[{"embeddable":true,"href":"https:\/\/richplan.eu\/index.php\/wp-json\/wp\/v2\/media\/150"}],"wp:attachment":[{"href":"https:\/\/richplan.eu\/index.php\/wp-json\/wp\/v2\/media?parent=11"}],"curies":[{"name":"wp","href":"https:\/\/api.w.org\/{rel}","templated":true}]}}