{"id":13,"date":"2019-11-14T12:41:07","date_gmt":"2019-11-14T12:41:07","guid":{"rendered":"http:\/\/localhost\/richplan\/?page_id=13"},"modified":"2020-04-21T16:29:41","modified_gmt":"2020-04-21T16:29:41","slug":"richblog","status":"publish","type":"page","link":"https:\/\/richplan.eu\/index.php\/richblog\/","title":{"rendered":"RichBlog"},"content":{"rendered":"\n<h2 class=\"wp-block-heading\">Aqui falamos sobre Empreendedorismo, Gest\u00e3o e assuntos correlatos.<\/h2>\n\n\n\n<p>Para os \u00e1vidos por conhecimento e conte\u00fado, feito por quem entende do assunto. <strong>Bem-vindo  ao RichBlog!<\/strong><\/p>\n","protected":false},"excerpt":{"rendered":"<p>Aqui falamos sobre Empreendedorismo, Gest\u00e3o e assuntos correlatos. Para os \u00e1vidos por conhecimento e conte\u00fado, feito por quem entende do assunto. Bem-vindo ao RichBlog!<\/p>\n","protected":false},"author":1,"featured_media":0,"parent":0,"menu_order":0,"comment_status":"closed","ping_status":"closed","template":"page-novidades.php","meta":{"_acf_changed":false,"_exactmetrics_skip_tracking":false,"_exactmetrics_sitenote_active":false,"_exactmetrics_sitenote_note":"","_exactmetrics_sitenote_category":0,"footnotes":""},"class_list":["post-13","page","type-page","status-publish","hentry"],"acf":[],"yoast_head":"<!-- This site is optimized with the Yoast SEO plugin v25.6 - https:\/\/yoast.com\/wordpress\/plugins\/seo\/ -->\n<title>RichBlog - RichPlan - Consultoria, Gest\u00e3o e Treinamentos | Natal - RN<\/title>\n<meta name=\"robots\" content=\"index, follow, max-snippet:-1, max-image-preview:large, max-video-preview:-1\" \/>\n<link rel=\"canonical\" href=\"https:\/\/richplan.eu\/index.php\/richblog\/\" \/>\n<meta property=\"og:locale\" content=\"pt_BR\" \/>\n<meta property=\"og:type\" content=\"article\" \/>\n<meta property=\"og:title\" content=\"RichBlog - RichPlan - Consultoria, Gest\u00e3o e Treinamentos | Natal - RN\" \/>\n<meta property=\"og:description\" content=\"Aqui falamos sobre Empreendedorismo, Gest\u00e3o e assuntos correlatos. Para os \u00e1vidos por conhecimento e conte\u00fado, feito por quem entende do assunto. Bem-vindo ao RichBlog!\" \/>\n<meta property=\"og:url\" content=\"https:\/\/richplan.eu\/index.php\/richblog\/\" \/>\n<meta property=\"og:site_name\" content=\"RichPlan - Consultoria, Gest\u00e3o e Treinamentos | Natal - RN\" \/>\n<meta property=\"article:modified_time\" content=\"2020-04-21T16:29:41+00:00\" \/>\n<meta name=\"twitter:card\" content=\"summary_large_image\" \/>\n<script type=\"application\/ld+json\" class=\"yoast-schema-graph\">{\"@context\":\"https:\/\/schema.org\",\"@graph\":[{\"@type\":\"WebPage\",\"@id\":\"https:\/\/richplan.eu\/index.php\/richblog\/\",\"url\":\"https:\/\/richplan.eu\/index.php\/richblog\/\",\"name\":\"RichBlog - RichPlan - Consultoria, Gest\u00e3o e Treinamentos | Natal - RN\",\"isPartOf\":{\"@id\":\"https:\/\/richplan.eu\/#website\"},\"datePublished\":\"2019-11-14T12:41:07+00:00\",\"dateModified\":\"2020-04-21T16:29:41+00:00\",\"breadcrumb\":{\"@id\":\"https:\/\/richplan.eu\/index.php\/richblog\/#breadcrumb\"},\"inLanguage\":\"pt-BR\",\"potentialAction\":[{\"@type\":\"ReadAction\",\"target\":[\"https:\/\/richplan.eu\/index.php\/richblog\/\"]}]},{\"@type\":\"BreadcrumbList\",\"@id\":\"https:\/\/richplan.eu\/index.php\/richblog\/#breadcrumb\",\"itemListElement\":[{\"@type\":\"ListItem\",\"position\":1,\"name\":\"In\u00edcio\",\"item\":\"https:\/\/richplan.eu\/\"},{\"@type\":\"ListItem\",\"position\":2,\"name\":\"RichBlog\"}]},{\"@type\":\"WebSite\",\"@id\":\"https:\/\/richplan.eu\/#website\",\"url\":\"https:\/\/richplan.eu\/\",\"name\":\"RichPlan - Consultoria, Gest\u00e3o e Treinamentos | Natal - RN\",\"description\":\"Consultoria de gest\u00e3o empresarial\",\"potentialAction\":[{\"@type\":\"SearchAction\",\"target\":{\"@type\":\"EntryPoint\",\"urlTemplate\":\"https:\/\/richplan.eu\/?s={search_term_string}\"},\"query-input\":{\"@type\":\"PropertyValueSpecification\",\"valueRequired\":true,\"valueName\":\"search_term_string\"}}],\"inLanguage\":\"pt-BR\"}]}<\/script>\n<!-- \/ Yoast SEO plugin. -->","yoast_head_json":{"title":"RichBlog - RichPlan - Consultoria, Gest\u00e3o e Treinamentos | Natal - RN","robots":{"index":"index","follow":"follow","max-snippet":"max-snippet:-1","max-image-preview":"max-image-preview:large","max-video-preview":"max-video-preview:-1"},"canonical":"https:\/\/richplan.eu\/index.php\/richblog\/","og_locale":"pt_BR","og_type":"article","og_title":"RichBlog - RichPlan - Consultoria, Gest\u00e3o e Treinamentos | Natal - RN","og_description":"Aqui falamos sobre Empreendedorismo, Gest\u00e3o e assuntos correlatos. Para os \u00e1vidos por conhecimento e conte\u00fado, feito por quem entende do assunto. Bem-vindo ao RichBlog!","og_url":"https:\/\/richplan.eu\/index.php\/richblog\/","og_site_name":"RichPlan - Consultoria, Gest\u00e3o e Treinamentos | Natal - RN","article_modified_time":"2020-04-21T16:29:41+00:00","twitter_card":"summary_large_image","schema":{"@context":"https:\/\/schema.org","@graph":[{"@type":"WebPage","@id":"https:\/\/richplan.eu\/index.php\/richblog\/","url":"https:\/\/richplan.eu\/index.php\/richblog\/","name":"RichBlog - RichPlan - Consultoria, Gest\u00e3o e Treinamentos | Natal - RN","isPartOf":{"@id":"https:\/\/richplan.eu\/#website"},"datePublished":"2019-11-14T12:41:07+00:00","dateModified":"2020-04-21T16:29:41+00:00","breadcrumb":{"@id":"https:\/\/richplan.eu\/index.php\/richblog\/#breadcrumb"},"inLanguage":"pt-BR","potentialAction":[{"@type":"ReadAction","target":["https:\/\/richplan.eu\/index.php\/richblog\/"]}]},{"@type":"BreadcrumbList","@id":"https:\/\/richplan.eu\/index.php\/richblog\/#breadcrumb","itemListElement":[{"@type":"ListItem","position":1,"name":"In\u00edcio","item":"https:\/\/richplan.eu\/"},{"@type":"ListItem","position":2,"name":"RichBlog"}]},{"@type":"WebSite","@id":"https:\/\/richplan.eu\/#website","url":"https:\/\/richplan.eu\/","name":"RichPlan - Consultoria, Gest\u00e3o e Treinamentos | Natal - RN","description":"Consultoria de gest\u00e3o empresarial","potentialAction":[{"@type":"SearchAction","target":{"@type":"EntryPoint","urlTemplate":"https:\/\/richplan.eu\/?s={search_term_string}"},"query-input":{"@type":"PropertyValueSpecification","valueRequired":true,"valueName":"search_term_string"}}],"inLanguage":"pt-BR"}]}},"_links":{"self":[{"href":"https:\/\/richplan.eu\/index.php\/wp-json\/wp\/v2\/pages\/13"}],"collection":[{"href":"https:\/\/richplan.eu\/index.php\/wp-json\/wp\/v2\/pages"}],"about":[{"href":"https:\/\/richplan.eu\/index.php\/wp-json\/wp\/v2\/types\/page"}],"author":[{"embeddable":true,"href":"https:\/\/richplan.eu\/index.php\/wp-json\/wp\/v2\/users\/1"}],"replies":[{"embeddable":true,"href":"https:\/\/richplan.eu\/index.php\/wp-json\/wp\/v2\/comments?post=13"}],"version-history":[{"count":12,"href":"https:\/\/richplan.eu\/index.php\/wp-json\/wp\/v2\/pages\/13\/revisions"}],"predecessor-version":[{"id":395,"href":"https:\/\/richplan.eu\/index.php\/wp-json\/wp\/v2\/pages\/13\/revisions\/395"}],"wp:attachment":[{"href":"https:\/\/richplan.eu\/index.php\/wp-json\/wp\/v2\/media?parent=13"}],"curies":[{"name":"wp","href":"https:\/\/api.w.org\/{rel}","templated":true}]}}