{"id":324,"date":"2020-02-24T19:01:57","date_gmt":"2020-02-24T19:01:57","guid":{"rendered":"http:\/\/somosrichplan.com.br\/novo\/?page_id=324"},"modified":"2020-02-26T20:12:28","modified_gmt":"2020-02-26T20:12:28","slug":"invista","status":"publish","type":"page","link":"https:\/\/richplan.eu\/index.php\/invista\/","title":{"rendered":"Invista"},"content":{"rendered":"\n<h2 class=\"wp-block-heading\">Quer <strong>investir seu dinheiro<\/strong> da melhor forma e n\u00e3o sabe por onde come\u00e7ar? <\/h2>\n\n\n\n<p><strong>Entre em contato conosco. N\u00f3s podemos te ajudar!<\/strong><\/p>\n\n\n\n<p>Por favor, preencha o formul\u00e1rio respondendo algumas r\u00e1pidas perguntas para otimizar nosso contato. <\/p>\n\n\n\n<p><\/p>\n","protected":false},"excerpt":{"rendered":"<p>Quer investir seu dinheiro da melhor forma e n\u00e3o sabe por onde come\u00e7ar? Entre em contato conosco. N\u00f3s podemos te ajudar! Por favor, preencha o formul\u00e1rio respondendo algumas r\u00e1pidas perguntas para otimizar nosso contato.<\/p>\n","protected":false},"author":1,"featured_media":376,"parent":0,"menu_order":0,"comment_status":"closed","ping_status":"closed","template":"","meta":{"_acf_changed":false,"_exactmetrics_skip_tracking":false,"_exactmetrics_sitenote_active":false,"_exactmetrics_sitenote_note":"","_exactmetrics_sitenote_category":0,"footnotes":""},"class_list":["post-324","page","type-page","status-publish","has-post-thumbnail","hentry"],"acf":[],"yoast_head":"<!-- This site is optimized with the Yoast SEO plugin v25.6 - https:\/\/yoast.com\/wordpress\/plugins\/seo\/ -->\n<title>Invista - RichPlan - Consultoria, Gest\u00e3o e Treinamentos | Natal - RN<\/title>\n<meta name=\"robots\" content=\"index, follow, max-snippet:-1, max-image-preview:large, max-video-preview:-1\" \/>\n<link rel=\"canonical\" href=\"https:\/\/richplan.eu\/index.php\/invista\/\" \/>\n<meta property=\"og:locale\" content=\"pt_BR\" \/>\n<meta property=\"og:type\" content=\"article\" \/>\n<meta property=\"og:title\" content=\"Invista - RichPlan - Consultoria, Gest\u00e3o e Treinamentos | Natal - RN\" \/>\n<meta property=\"og:description\" content=\"Quer investir seu dinheiro da melhor forma e n\u00e3o sabe por onde come\u00e7ar? Entre em contato conosco. N\u00f3s podemos te ajudar! Por favor, preencha o formul\u00e1rio respondendo algumas r\u00e1pidas perguntas para otimizar nosso contato.\" \/>\n<meta property=\"og:url\" content=\"https:\/\/richplan.eu\/index.php\/invista\/\" \/>\n<meta property=\"og:site_name\" content=\"RichPlan - Consultoria, Gest\u00e3o e Treinamentos | Natal - RN\" \/>\n<meta property=\"article:modified_time\" content=\"2020-02-26T20:12:28+00:00\" \/>\n<meta property=\"og:image\" content=\"https:\/\/richplan.eu\/wp-content\/uploads\/2020\/02\/investimento-financeiro-richplan.jpg\" \/>\n\t<meta property=\"og:image:width\" content=\"500\" \/>\n\t<meta property=\"og:image:height\" content=\"369\" \/>\n\t<meta property=\"og:image:type\" content=\"image\/jpeg\" \/>\n<meta name=\"twitter:card\" content=\"summary_large_image\" \/>\n<script type=\"application\/ld+json\" class=\"yoast-schema-graph\">{\"@context\":\"https:\/\/schema.org\",\"@graph\":[{\"@type\":\"WebPage\",\"@id\":\"https:\/\/richplan.eu\/index.php\/invista\/\",\"url\":\"https:\/\/richplan.eu\/index.php\/invista\/\",\"name\":\"Invista - RichPlan - Consultoria, Gest\u00e3o e Treinamentos | Natal - RN\",\"isPartOf\":{\"@id\":\"https:\/\/richplan.eu\/#website\"},\"primaryImageOfPage\":{\"@id\":\"https:\/\/richplan.eu\/index.php\/invista\/#primaryimage\"},\"image\":{\"@id\":\"https:\/\/richplan.eu\/index.php\/invista\/#primaryimage\"},\"thumbnailUrl\":\"https:\/\/richplan.eu\/wp-content\/uploads\/2020\/02\/investimento-financeiro-richplan.jpg\",\"datePublished\":\"2020-02-24T19:01:57+00:00\",\"dateModified\":\"2020-02-26T20:12:28+00:00\",\"breadcrumb\":{\"@id\":\"https:\/\/richplan.eu\/index.php\/invista\/#breadcrumb\"},\"inLanguage\":\"pt-BR\",\"potentialAction\":[{\"@type\":\"ReadAction\",\"target\":[\"https:\/\/richplan.eu\/index.php\/invista\/\"]}]},{\"@type\":\"ImageObject\",\"inLanguage\":\"pt-BR\",\"@id\":\"https:\/\/richplan.eu\/index.php\/invista\/#primaryimage\",\"url\":\"https:\/\/richplan.eu\/wp-content\/uploads\/2020\/02\/investimento-financeiro-richplan.jpg\",\"contentUrl\":\"https:\/\/richplan.eu\/wp-content\/uploads\/2020\/02\/investimento-financeiro-richplan.jpg\",\"width\":500,\"height\":369},{\"@type\":\"BreadcrumbList\",\"@id\":\"https:\/\/richplan.eu\/index.php\/invista\/#breadcrumb\",\"itemListElement\":[{\"@type\":\"ListItem\",\"position\":1,\"name\":\"In\u00edcio\",\"item\":\"https:\/\/richplan.eu\/\"},{\"@type\":\"ListItem\",\"position\":2,\"name\":\"Invista\"}]},{\"@type\":\"WebSite\",\"@id\":\"https:\/\/richplan.eu\/#website\",\"url\":\"https:\/\/richplan.eu\/\",\"name\":\"RichPlan - Consultoria, Gest\u00e3o e Treinamentos | Natal - RN\",\"description\":\"Consultoria de gest\u00e3o empresarial\",\"potentialAction\":[{\"@type\":\"SearchAction\",\"target\":{\"@type\":\"EntryPoint\",\"urlTemplate\":\"https:\/\/richplan.eu\/?s={search_term_string}\"},\"query-input\":{\"@type\":\"PropertyValueSpecification\",\"valueRequired\":true,\"valueName\":\"search_term_string\"}}],\"inLanguage\":\"pt-BR\"}]}<\/script>\n<!-- \/ Yoast SEO plugin. -->","yoast_head_json":{"title":"Invista - RichPlan - Consultoria, Gest\u00e3o e Treinamentos | Natal - RN","robots":{"index":"index","follow":"follow","max-snippet":"max-snippet:-1","max-image-preview":"max-image-preview:large","max-video-preview":"max-video-preview:-1"},"canonical":"https:\/\/richplan.eu\/index.php\/invista\/","og_locale":"pt_BR","og_type":"article","og_title":"Invista - RichPlan - Consultoria, Gest\u00e3o e Treinamentos | Natal - RN","og_description":"Quer investir seu dinheiro da melhor forma e n\u00e3o sabe por onde come\u00e7ar? Entre em contato conosco. N\u00f3s podemos te ajudar! Por favor, preencha o formul\u00e1rio respondendo algumas r\u00e1pidas perguntas para otimizar nosso contato.","og_url":"https:\/\/richplan.eu\/index.php\/invista\/","og_site_name":"RichPlan - Consultoria, Gest\u00e3o e Treinamentos | Natal - RN","article_modified_time":"2020-02-26T20:12:28+00:00","og_image":[{"width":500,"height":369,"url":"https:\/\/richplan.eu\/wp-content\/uploads\/2020\/02\/investimento-financeiro-richplan.jpg","type":"image\/jpeg"}],"twitter_card":"summary_large_image","schema":{"@context":"https:\/\/schema.org","@graph":[{"@type":"WebPage","@id":"https:\/\/richplan.eu\/index.php\/invista\/","url":"https:\/\/richplan.eu\/index.php\/invista\/","name":"Invista - RichPlan - Consultoria, Gest\u00e3o e Treinamentos | Natal - RN","isPartOf":{"@id":"https:\/\/richplan.eu\/#website"},"primaryImageOfPage":{"@id":"https:\/\/richplan.eu\/index.php\/invista\/#primaryimage"},"image":{"@id":"https:\/\/richplan.eu\/index.php\/invista\/#primaryimage"},"thumbnailUrl":"https:\/\/richplan.eu\/wp-content\/uploads\/2020\/02\/investimento-financeiro-richplan.jpg","datePublished":"2020-02-24T19:01:57+00:00","dateModified":"2020-02-26T20:12:28+00:00","breadcrumb":{"@id":"https:\/\/richplan.eu\/index.php\/invista\/#breadcrumb"},"inLanguage":"pt-BR","potentialAction":[{"@type":"ReadAction","target":["https:\/\/richplan.eu\/index.php\/invista\/"]}]},{"@type":"ImageObject","inLanguage":"pt-BR","@id":"https:\/\/richplan.eu\/index.php\/invista\/#primaryimage","url":"https:\/\/richplan.eu\/wp-content\/uploads\/2020\/02\/investimento-financeiro-richplan.jpg","contentUrl":"https:\/\/richplan.eu\/wp-content\/uploads\/2020\/02\/investimento-financeiro-richplan.jpg","width":500,"height":369},{"@type":"BreadcrumbList","@id":"https:\/\/richplan.eu\/index.php\/invista\/#breadcrumb","itemListElement":[{"@type":"ListItem","position":1,"name":"In\u00edcio","item":"https:\/\/richplan.eu\/"},{"@type":"ListItem","position":2,"name":"Invista"}]},{"@type":"WebSite","@id":"https:\/\/richplan.eu\/#website","url":"https:\/\/richplan.eu\/","name":"RichPlan - Consultoria, Gest\u00e3o e Treinamentos | Natal - RN","description":"Consultoria de gest\u00e3o empresarial","potentialAction":[{"@type":"SearchAction","target":{"@type":"EntryPoint","urlTemplate":"https:\/\/richplan.eu\/?s={search_term_string}"},"query-input":{"@type":"PropertyValueSpecification","valueRequired":true,"valueName":"search_term_string"}}],"inLanguage":"pt-BR"}]}},"_links":{"self":[{"href":"https:\/\/richplan.eu\/index.php\/wp-json\/wp\/v2\/pages\/324"}],"collection":[{"href":"https:\/\/richplan.eu\/index.php\/wp-json\/wp\/v2\/pages"}],"about":[{"href":"https:\/\/richplan.eu\/index.php\/wp-json\/wp\/v2\/types\/page"}],"author":[{"embeddable":true,"href":"https:\/\/richplan.eu\/index.php\/wp-json\/wp\/v2\/users\/1"}],"replies":[{"embeddable":true,"href":"https:\/\/richplan.eu\/index.php\/wp-json\/wp\/v2\/comments?post=324"}],"version-history":[{"count":9,"href":"https:\/\/richplan.eu\/index.php\/wp-json\/wp\/v2\/pages\/324\/revisions"}],"predecessor-version":[{"id":377,"href":"https:\/\/richplan.eu\/index.php\/wp-json\/wp\/v2\/pages\/324\/revisions\/377"}],"wp:featuredmedia":[{"embeddable":true,"href":"https:\/\/richplan.eu\/index.php\/wp-json\/wp\/v2\/media\/376"}],"wp:attachment":[{"href":"https:\/\/richplan.eu\/index.php\/wp-json\/wp\/v2\/media?parent=324"}],"curies":[{"name":"wp","href":"https:\/\/api.w.org\/{rel}","templated":true}]}}