{"id":9,"date":"2019-11-14T12:40:01","date_gmt":"2019-11-14T12:40:01","guid":{"rendered":"http:\/\/localhost\/richplan\/?page_id=9"},"modified":"2020-08-27T18:29:27","modified_gmt":"2020-08-27T18:29:27","slug":"servicos","status":"publish","type":"page","link":"https:\/\/richplan.eu\/index.php\/servicos\/","title":{"rendered":"Servi\u00e7os"},"content":{"rendered":"\n<h2 class=\"wp-block-heading\">N\u00f3s queremos <strong>aprimorar e evoluir<\/strong> o seu neg\u00f3cio, mesmo que ele ainda nem exista. <\/h2>\n\n\n\n<p>Se voc\u00ea j\u00e1 percebe que ele pode melhorar, n\u00f3s lhe ajudamos a encontrar o melhor caminho. <\/p>\n\n\n\n<p style=\"color:#696767\" class=\"has-text-color has-normal-font-size\"><strong>Conhe\u00e7a cada um dos nossos servi\u00e7os: <\/strong><\/p>\n","protected":false},"excerpt":{"rendered":"<p>N\u00f3s queremos aprimorar e evoluir o seu neg\u00f3cio, mesmo que ele ainda nem exista. Se voc\u00ea j\u00e1 percebe que ele pode melhorar, n\u00f3s lhe ajudamos a encontrar o melhor caminho. Conhe\u00e7a cada um dos nossos servi\u00e7os:<\/p>\n","protected":false},"author":1,"featured_media":323,"parent":0,"menu_order":0,"comment_status":"closed","ping_status":"closed","template":"","meta":{"_acf_changed":false,"_exactmetrics_skip_tracking":false,"_exactmetrics_sitenote_active":false,"_exactmetrics_sitenote_note":"","_exactmetrics_sitenote_category":0,"footnotes":""},"class_list":["post-9","page","type-page","status-publish","has-post-thumbnail","hentry"],"acf":[],"yoast_head":"<!-- This site is optimized with the Yoast SEO plugin v25.6 - https:\/\/yoast.com\/wordpress\/plugins\/seo\/ -->\n<title>Servi\u00e7os - RichPlan - Consultoria, Gest\u00e3o e Treinamentos | Natal - RN<\/title>\n<meta name=\"robots\" content=\"index, follow, max-snippet:-1, max-image-preview:large, max-video-preview:-1\" \/>\n<link rel=\"canonical\" href=\"https:\/\/richplan.eu\/index.php\/servicos\/\" \/>\n<meta property=\"og:locale\" content=\"pt_BR\" \/>\n<meta property=\"og:type\" content=\"article\" \/>\n<meta property=\"og:title\" content=\"Servi\u00e7os - RichPlan - Consultoria, Gest\u00e3o e Treinamentos | Natal - RN\" \/>\n<meta property=\"og:description\" content=\"N\u00f3s queremos aprimorar e evoluir o seu neg\u00f3cio, mesmo que ele ainda nem exista. Se voc\u00ea j\u00e1 percebe que ele pode melhorar, n\u00f3s lhe ajudamos a encontrar o melhor caminho. Conhe\u00e7a cada um dos nossos servi\u00e7os:\" \/>\n<meta property=\"og:url\" content=\"https:\/\/richplan.eu\/index.php\/servicos\/\" \/>\n<meta property=\"og:site_name\" content=\"RichPlan - Consultoria, Gest\u00e3o e Treinamentos | Natal - RN\" \/>\n<meta property=\"article:modified_time\" content=\"2020-08-27T18:29:27+00:00\" \/>\n<meta property=\"og:image\" content=\"https:\/\/richplan.eu\/wp-content\/uploads\/2020\/02\/Richplan-Viabilidade-Economica-e-Financeira.jpg\" \/>\n\t<meta property=\"og:image:width\" content=\"726\" \/>\n\t<meta property=\"og:image:height\" content=\"481\" \/>\n\t<meta property=\"og:image:type\" content=\"image\/jpeg\" \/>\n<meta name=\"twitter:card\" content=\"summary_large_image\" \/>\n<script type=\"application\/ld+json\" class=\"yoast-schema-graph\">{\"@context\":\"https:\/\/schema.org\",\"@graph\":[{\"@type\":\"WebPage\",\"@id\":\"https:\/\/richplan.eu\/index.php\/servicos\/\",\"url\":\"https:\/\/richplan.eu\/index.php\/servicos\/\",\"name\":\"Servi\u00e7os - RichPlan - Consultoria, Gest\u00e3o e Treinamentos | Natal - RN\",\"isPartOf\":{\"@id\":\"https:\/\/richplan.eu\/#website\"},\"primaryImageOfPage\":{\"@id\":\"https:\/\/richplan.eu\/index.php\/servicos\/#primaryimage\"},\"image\":{\"@id\":\"https:\/\/richplan.eu\/index.php\/servicos\/#primaryimage\"},\"thumbnailUrl\":\"https:\/\/richplan.eu\/wp-content\/uploads\/2020\/02\/Richplan-Viabilidade-Economica-e-Financeira.jpg\",\"datePublished\":\"2019-11-14T12:40:01+00:00\",\"dateModified\":\"2020-08-27T18:29:27+00:00\",\"breadcrumb\":{\"@id\":\"https:\/\/richplan.eu\/index.php\/servicos\/#breadcrumb\"},\"inLanguage\":\"pt-BR\",\"potentialAction\":[{\"@type\":\"ReadAction\",\"target\":[\"https:\/\/richplan.eu\/index.php\/servicos\/\"]}]},{\"@type\":\"ImageObject\",\"inLanguage\":\"pt-BR\",\"@id\":\"https:\/\/richplan.eu\/index.php\/servicos\/#primaryimage\",\"url\":\"https:\/\/richplan.eu\/wp-content\/uploads\/2020\/02\/Richplan-Viabilidade-Economica-e-Financeira.jpg\",\"contentUrl\":\"https:\/\/richplan.eu\/wp-content\/uploads\/2020\/02\/Richplan-Viabilidade-Economica-e-Financeira.jpg\",\"width\":726,\"height\":481},{\"@type\":\"BreadcrumbList\",\"@id\":\"https:\/\/richplan.eu\/index.php\/servicos\/#breadcrumb\",\"itemListElement\":[{\"@type\":\"ListItem\",\"position\":1,\"name\":\"In\u00edcio\",\"item\":\"https:\/\/richplan.eu\/\"},{\"@type\":\"ListItem\",\"position\":2,\"name\":\"Servi\u00e7os\"}]},{\"@type\":\"WebSite\",\"@id\":\"https:\/\/richplan.eu\/#website\",\"url\":\"https:\/\/richplan.eu\/\",\"name\":\"RichPlan - Consultoria, Gest\u00e3o e Treinamentos | Natal - RN\",\"description\":\"Consultoria de gest\u00e3o empresarial\",\"potentialAction\":[{\"@type\":\"SearchAction\",\"target\":{\"@type\":\"EntryPoint\",\"urlTemplate\":\"https:\/\/richplan.eu\/?s={search_term_string}\"},\"query-input\":{\"@type\":\"PropertyValueSpecification\",\"valueRequired\":true,\"valueName\":\"search_term_string\"}}],\"inLanguage\":\"pt-BR\"}]}<\/script>\n<!-- \/ Yoast SEO plugin. -->","yoast_head_json":{"title":"Servi\u00e7os - RichPlan - Consultoria, Gest\u00e3o e Treinamentos | Natal - RN","robots":{"index":"index","follow":"follow","max-snippet":"max-snippet:-1","max-image-preview":"max-image-preview:large","max-video-preview":"max-video-preview:-1"},"canonical":"https:\/\/richplan.eu\/index.php\/servicos\/","og_locale":"pt_BR","og_type":"article","og_title":"Servi\u00e7os - RichPlan - Consultoria, Gest\u00e3o e Treinamentos | Natal - RN","og_description":"N\u00f3s queremos aprimorar e evoluir o seu neg\u00f3cio, mesmo que ele ainda nem exista. Se voc\u00ea j\u00e1 percebe que ele pode melhorar, n\u00f3s lhe ajudamos a encontrar o melhor caminho. Conhe\u00e7a cada um dos nossos servi\u00e7os:","og_url":"https:\/\/richplan.eu\/index.php\/servicos\/","og_site_name":"RichPlan - Consultoria, Gest\u00e3o e Treinamentos | Natal - RN","article_modified_time":"2020-08-27T18:29:27+00:00","og_image":[{"width":726,"height":481,"url":"https:\/\/richplan.eu\/wp-content\/uploads\/2020\/02\/Richplan-Viabilidade-Economica-e-Financeira.jpg","type":"image\/jpeg"}],"twitter_card":"summary_large_image","schema":{"@context":"https:\/\/schema.org","@graph":[{"@type":"WebPage","@id":"https:\/\/richplan.eu\/index.php\/servicos\/","url":"https:\/\/richplan.eu\/index.php\/servicos\/","name":"Servi\u00e7os - RichPlan - Consultoria, Gest\u00e3o e Treinamentos | Natal - RN","isPartOf":{"@id":"https:\/\/richplan.eu\/#website"},"primaryImageOfPage":{"@id":"https:\/\/richplan.eu\/index.php\/servicos\/#primaryimage"},"image":{"@id":"https:\/\/richplan.eu\/index.php\/servicos\/#primaryimage"},"thumbnailUrl":"https:\/\/richplan.eu\/wp-content\/uploads\/2020\/02\/Richplan-Viabilidade-Economica-e-Financeira.jpg","datePublished":"2019-11-14T12:40:01+00:00","dateModified":"2020-08-27T18:29:27+00:00","breadcrumb":{"@id":"https:\/\/richplan.eu\/index.php\/servicos\/#breadcrumb"},"inLanguage":"pt-BR","potentialAction":[{"@type":"ReadAction","target":["https:\/\/richplan.eu\/index.php\/servicos\/"]}]},{"@type":"ImageObject","inLanguage":"pt-BR","@id":"https:\/\/richplan.eu\/index.php\/servicos\/#primaryimage","url":"https:\/\/richplan.eu\/wp-content\/uploads\/2020\/02\/Richplan-Viabilidade-Economica-e-Financeira.jpg","contentUrl":"https:\/\/richplan.eu\/wp-content\/uploads\/2020\/02\/Richplan-Viabilidade-Economica-e-Financeira.jpg","width":726,"height":481},{"@type":"BreadcrumbList","@id":"https:\/\/richplan.eu\/index.php\/servicos\/#breadcrumb","itemListElement":[{"@type":"ListItem","position":1,"name":"In\u00edcio","item":"https:\/\/richplan.eu\/"},{"@type":"ListItem","position":2,"name":"Servi\u00e7os"}]},{"@type":"WebSite","@id":"https:\/\/richplan.eu\/#website","url":"https:\/\/richplan.eu\/","name":"RichPlan - Consultoria, Gest\u00e3o e Treinamentos | Natal - RN","description":"Consultoria de gest\u00e3o empresarial","potentialAction":[{"@type":"SearchAction","target":{"@type":"EntryPoint","urlTemplate":"https:\/\/richplan.eu\/?s={search_term_string}"},"query-input":{"@type":"PropertyValueSpecification","valueRequired":true,"valueName":"search_term_string"}}],"inLanguage":"pt-BR"}]}},"_links":{"self":[{"href":"https:\/\/richplan.eu\/index.php\/wp-json\/wp\/v2\/pages\/9"}],"collection":[{"href":"https:\/\/richplan.eu\/index.php\/wp-json\/wp\/v2\/pages"}],"about":[{"href":"https:\/\/richplan.eu\/index.php\/wp-json\/wp\/v2\/types\/page"}],"author":[{"embeddable":true,"href":"https:\/\/richplan.eu\/index.php\/wp-json\/wp\/v2\/users\/1"}],"replies":[{"embeddable":true,"href":"https:\/\/richplan.eu\/index.php\/wp-json\/wp\/v2\/comments?post=9"}],"version-history":[{"count":23,"href":"https:\/\/richplan.eu\/index.php\/wp-json\/wp\/v2\/pages\/9\/revisions"}],"predecessor-version":[{"id":419,"href":"https:\/\/richplan.eu\/index.php\/wp-json\/wp\/v2\/pages\/9\/revisions\/419"}],"wp:featuredmedia":[{"embeddable":true,"href":"https:\/\/richplan.eu\/index.php\/wp-json\/wp\/v2\/media\/323"}],"wp:attachment":[{"href":"https:\/\/richplan.eu\/index.php\/wp-json\/wp\/v2\/media?parent=9"}],"curies":[{"name":"wp","href":"https:\/\/api.w.org\/{rel}","templated":true}]}}